{"id":2,"date":"2016-02-24T21:35:05","date_gmt":"2016-02-24T21:35:05","guid":{"rendered":"http:\/\/pasopatagonia.com.ar\/v3\/?page_id=2"},"modified":"2021-11-28T18:06:21","modified_gmt":"2021-11-28T18:06:21","slug":"pagina-ejemplo","status":"publish","type":"page","link":"http:\/\/pasopatagonia.com.ar\/v3\/","title":{"rendered":"Paso Patagonia"},"content":{"rendered":"<h3 style=\"text-align: left;\">Somos&nbsp;un estudio de Dise\u00f1o Gr\u00e1fico, Arte Digital y Marketing, dedicado a proyectos gr\u00e1ficos en soportes f\u00edsicos y digitales:<\/h3>\n<h4 style=\"text-align: left;\">Identidad corporativa, comercial y empresarial, papeler\u00eda en general, folleter\u00eda, editorial, cat\u00e1logos, packaging, ploteo vehicular, indumentaria, se\u00f1alizaci\u00f3n, eventos, sitios web, tiendas virtuales, contenidos para redes sociales, cat\u00e1logos on-line, flyers digitales, comercio electr\u00f3nico, community manager, SEO, etc.<\/h4>\n<p style=\"text-align: left;\">Date una vuelta por nuestro <a href=\"http:\/\/pasopatagonia.com.ar\/v3\/clientes\/\">Portfolio<\/a>, nuestros&nbsp;trabajos hablan por si solos!<\/p>\n\n<ul class=\"wp-block-latest-posts__list is-grid columns-3 wp-block-latest-posts\"><li><a class=\"wp-block-latest-posts__post-title\" href=\"http:\/\/pasopatagonia.com.ar\/v3\/granito-de-arena\/\">Granito de Arena<\/a><\/li>\n<\/ul>\n\n\n<p><\/p>\n","protected":false},"excerpt":{"rendered":"<p>Somos&nbsp;un estudio de Dise\u00f1o Gr\u00e1fico, Arte Digital y Marketing, dedicado a proyectos gr\u00e1ficos en soportes f\u00edsicos y digitales: Identidad corporativa, comercial y empresarial, papeler\u00eda en general, folleter\u00eda, editorial, cat\u00e1logos, packaging, ploteo vehicular, indumentaria, se\u00f1alizaci\u00f3n, eventos, &#8230;<\/p>\n","protected":false},"author":1,"featured_media":0,"parent":0,"menu_order":0,"comment_status":"closed","ping_status":"open","template":"","meta":{"footnotes":""},"class_list":["post-2","page","type-page","status-publish","hentry"],"_links":{"self":[{"href":"http:\/\/pasopatagonia.com.ar\/v3\/wp-json\/wp\/v2\/pages\/2","targetHints":{"allow":["GET"]}}],"collection":[{"href":"http:\/\/pasopatagonia.com.ar\/v3\/wp-json\/wp\/v2\/pages"}],"about":[{"href":"http:\/\/pasopatagonia.com.ar\/v3\/wp-json\/wp\/v2\/types\/page"}],"author":[{"embeddable":true,"href":"http:\/\/pasopatagonia.com.ar\/v3\/wp-json\/wp\/v2\/users\/1"}],"replies":[{"embeddable":true,"href":"http:\/\/pasopatagonia.com.ar\/v3\/wp-json\/wp\/v2\/comments?post=2"}],"version-history":[{"count":13,"href":"http:\/\/pasopatagonia.com.ar\/v3\/wp-json\/wp\/v2\/pages\/2\/revisions"}],"predecessor-version":[{"id":222,"href":"http:\/\/pasopatagonia.com.ar\/v3\/wp-json\/wp\/v2\/pages\/2\/revisions\/222"}],"wp:attachment":[{"href":"http:\/\/pasopatagonia.com.ar\/v3\/wp-json\/wp\/v2\/media?parent=2"}],"curies":[{"name":"wp","href":"https:\/\/api.w.org\/{rel}","templated":true}]}}